{"id":99,"date":"2015-12-27T21:06:24","date_gmt":"2015-12-27T21:06:24","guid":{"rendered":"http:\/\/conectifyilimitado.com.mx\/?page_id=99"},"modified":"2022-06-06T17:58:43","modified_gmt":"2022-06-06T17:58:43","slug":"empresa","status":"publish","type":"page","link":"http:\/\/conectifyilimitado.com.mx\/?page_id=99","title":{"rendered":"Internet Empresarial"},"content":{"rendered":"<p><a href=\"http:\/\/conectifyilimitado.com.mx\/wp-content\/uploads\/2015\/11\/planes_empresa-1905.png\" data-rel=\"lightbox-image-0\" data-rl_title=\"\" data-rl_caption=\"\" title=\"\"><img loading=\"lazy\" decoding=\"async\" class=\"alignnone wp-image-171 size-full\" src=\"http:\/\/conectifyilimitado.com.mx\/wp-content\/uploads\/2015\/11\/planes_empresa-1905.png\" alt=\"planes_empresa 1905\" width=\"1878\" height=\"711\" srcset=\"http:\/\/conectifyilimitado.com.mx\/wp-content\/uploads\/2015\/11\/planes_empresa-1905.png 1878w, http:\/\/conectifyilimitado.com.mx\/wp-content\/uploads\/2015\/11\/planes_empresa-1905-300x114.png 300w, http:\/\/conectifyilimitado.com.mx\/wp-content\/uploads\/2015\/11\/planes_empresa-1905-768x291.png 768w, http:\/\/conectifyilimitado.com.mx\/wp-content\/uploads\/2015\/11\/planes_empresa-1905-1024x388.png 1024w\" sizes=\"auto, (max-width: 1878px) 100vw, 1878px\" \/><\/a><\/p>\n<p><span style=\"color: #999999;\"><em>Velocidad medida en Megas o Mbps.<\/em><\/span><\/p>\n<p>* Nuevo plan.<\/p>\n<p>A\u00fan en los lugares m\u00e1s alejados donde se localice su camper, oficina o centro de trabajo temporal; podemos realizar la conexi\u00f3n m\u00e1s estable&nbsp;a Internet.<\/p>\n<p>&nbsp;<\/p>\n","protected":false},"excerpt":{"rendered":"<p>Velocidad medida en Megas o Mbps. * Nuevo plan. A\u00fan en los lugares m\u00e1s alejados donde se localice su camper, oficina o centro de trabajo temporal; podemos realizar la conexi\u00f3n m\u00e1s estable&nbsp;a Internet. &nbsp;<\/p>\n","protected":false},"author":1,"featured_media":0,"parent":0,"menu_order":0,"comment_status":"closed","ping_status":"closed","template":"page-full-width.php","meta":{"footnotes":""},"class_list":["post-99","page","type-page","status-publish","hentry"],"_links":{"self":[{"href":"http:\/\/conectifyilimitado.com.mx\/index.php?rest_route=\/wp\/v2\/pages\/99","targetHints":{"allow":["GET"]}}],"collection":[{"href":"http:\/\/conectifyilimitado.com.mx\/index.php?rest_route=\/wp\/v2\/pages"}],"about":[{"href":"http:\/\/conectifyilimitado.com.mx\/index.php?rest_route=\/wp\/v2\/types\/page"}],"author":[{"embeddable":true,"href":"http:\/\/conectifyilimitado.com.mx\/index.php?rest_route=\/wp\/v2\/users\/1"}],"replies":[{"embeddable":true,"href":"http:\/\/conectifyilimitado.com.mx\/index.php?rest_route=%2Fwp%2Fv2%2Fcomments&post=99"}],"version-history":[{"count":10,"href":"http:\/\/conectifyilimitado.com.mx\/index.php?rest_route=\/wp\/v2\/pages\/99\/revisions"}],"predecessor-version":[{"id":261,"href":"http:\/\/conectifyilimitado.com.mx\/index.php?rest_route=\/wp\/v2\/pages\/99\/revisions\/261"}],"wp:attachment":[{"href":"http:\/\/conectifyilimitado.com.mx\/index.php?rest_route=%2Fwp%2Fv2%2Fmedia&parent=99"}],"curies":[{"name":"wp","href":"https:\/\/api.w.org\/{rel}","templated":true}]}}