{"id":12,"date":"2015-11-15T03:27:04","date_gmt":"2015-11-15T03:27:04","guid":{"rendered":"http:\/\/conectifyilimitado.com.mx\/?page_id=12"},"modified":"2022-06-07T12:37:30","modified_gmt":"2022-06-07T12:37:30","slug":"internet","status":"publish","type":"page","link":"https:\/\/conectifyilimitado.com.mx\/","title":{"rendered":"Internet"},"content":{"rendered":"<h3><span style=\"color: #3366ff;\">Tenemos el Internet que necesitas<\/span><\/h3>\n<h3>&nbsp;<\/h3>\n<blockquote>\n<h3><a href=\"http:\/\/conectifyilimitado.com.mx\/?page_id=39\" rel=\"attachment wp-att-89\"><img loading=\"lazy\" decoding=\"async\" class=\"alignnone wp-image-89 alignleft\" src=\"http:\/\/conectifyilimitado.com.mx\/wp-content\/uploads\/2015\/11\/img-residencial-03-300x98.jpg\" alt=\"img-residencial-03\" width=\"288\" height=\"94\" srcset=\"https:\/\/conectifyilimitado.com.mx\/wp-content\/uploads\/2015\/11\/img-residencial-03-300x98.jpg 300w, https:\/\/conectifyilimitado.com.mx\/wp-content\/uploads\/2015\/11\/img-residencial-03-768x250.jpg 768w, https:\/\/conectifyilimitado.com.mx\/wp-content\/uploads\/2015\/11\/img-residencial-03.jpg 920w\" sizes=\"auto, (max-width: 288px) 100vw, 288px\" \/><\/a><span style=\"color: #008080;\"><a href=\"http:\/\/conectifyilimitado.com.mx\/?page_id=39\">INTERNET RESIDENCIAL.<\/a><\/span><\/h3>\n<p>Disfruta de nuestra conexi\u00f3n a Internet sin&nbsp;importar cuan alejado est\u00e9 tu hogar,&nbsp;para nosotros siempre estar\u00e1s cerca.<\/p>\n<p><\/p>\n<\/blockquote>\n<hr>\n<blockquote>\n<h3><a href=\"http:\/\/conectifyilimitado.com.mx\/?page_id=97\" rel=\"attachment wp-att-88\"><img loading=\"lazy\" decoding=\"async\" class=\"alignnone wp-image-88 alignleft\" src=\"http:\/\/conectifyilimitado.com.mx\/wp-content\/uploads\/2015\/11\/cibercafe.jpg\" alt=\"cibercafe\" width=\"288\" height=\"216\"><\/a><span style=\"color: #008080;\"><a href=\"http:\/\/conectifyilimitado.com.mx\/?page_id=97\">INTERNET COMERCIAL.<\/a><\/span><\/h3>\n<p>La conexi\u00f3n que estabas esperando para tu negocio, si deseas&nbsp;mas velocidad no es inconveniente&nbsp;para nuestra red.<\/p>\n<p><\/p>\n<\/blockquote>\n<h3>&nbsp;<\/h3>\n<blockquote>\n<hr>\n<h3><a href=\"http:\/\/conectifyilimitado.com.mx\/?page_id=99\" rel=\"attachment wp-att-91\"><img loading=\"lazy\" decoding=\"async\" class=\"alignleft wp-image-91\" src=\"http:\/\/conectifyilimitado.com.mx\/wp-content\/uploads\/2015\/11\/empresas-internet-300x179.jpg\" alt=\"empresas-internet\" width=\"288\" height=\"172\" srcset=\"https:\/\/conectifyilimitado.com.mx\/wp-content\/uploads\/2015\/11\/empresas-internet-300x179.jpg 300w, https:\/\/conectifyilimitado.com.mx\/wp-content\/uploads\/2015\/11\/empresas-internet.jpg 570w\" sizes=\"auto, (max-width: 288px) 100vw, 288px\" \/><\/a><a href=\"http:\/\/conectifyilimitado.com.mx\/?page_id=99\"><span style=\"text-decoration: underline; color: #008080;\">INTERNET EMPRESARIAL.<\/span><\/a><\/h3>\n<p>Si la conexi\u00f3n actual de tu empresa no es la que esperabas, te&nbsp;ofrecemos probar nuestro servicio, la estabilidad es nuestra ocupaci\u00f3n primordial.<\/p>\n<p><\/p>\n<\/blockquote>\n<h3>&nbsp;<\/h3>\n<blockquote>\n<hr>\n<h3><strong><a href=\"http:\/\/conectifyilimitado.com.mx\/wp-content\/uploads\/2022\/06\/dedicado.jpg\" rel=\"attachment wp-att-91\" data-rel=\"lightbox-image-0\" data-rl_title=\"\" data-rl_caption=\"\" title=\"\"><img loading=\"lazy\" decoding=\"async\" class=\"wp-image-240  alignleft\" src=\"http:\/\/conectifyilimitado.com.mx\/wp-content\/uploads\/2022\/06\/dedicado.jpg\" alt=\"\" width=\"292\" height=\"194\"><\/a>INTERNET DEDICADO.<\/strong><\/h3>\n<p>Un internet tradicional no es suficiente para una PYME a pesar de contratar mas de un servicio de banda ancha, el alojamiento debe compartirse con muchos usuarios, por lo que sus recursos son limitados y la conexi\u00f3n es inestable.<br>El Internet dedicado proporciona velocidad constante, sin verse afectada por el tr\u00e1fico de la red.<\/p>\n<p>La mejor disponibilidad a trav\u00e9s de la mejor tecnolog\u00eda de Fibra \u00d3ptica, te permite utilizar un alto consumo de ancho de banda.<\/p>\n<\/blockquote>\n\n\n<hr class=\"wp-block-separator has-alpha-channel-opacity\"\/>\n\n\n\n<p><a href=\"http:\/\/conectifyilimitado.com.mx\/docs\/contratoadhesionhogar.pdf\" data-type=\"URL\" data-id=\"http:\/\/conectifyilimitado.com.mx\/docs\/contratoadhesionhogar.pdf\" target=\"_blank\" rel=\"noreferrer noopener\">T\u00e9rminos y condiciones Hogar<\/a> | <a rel=\"noreferrer noopener\" href=\"http:\/\/conectifyilimitado.com.mx\/docs\/avisodeprivacidad.pdf\" data-type=\"URL\" data-id=\"http:\/\/conectifyilimitado.com.mx\/docs\/avisodeprivacidad.pdf\" target=\"_blank\">Aviso de privacidad<\/a> | <a rel=\"noreferrer noopener\" href=\"http:\/\/conectifyilimitado.com.mx\/docs\/cartadederechos.pdf\" data-type=\"URL\" data-id=\"http:\/\/conectifyilimitado.com.mx\/docs\/cartadederechos.pdf\" target=\"_blank\">Carta de derechos<\/a> | <a rel=\"noreferrer noopener\" href=\"http:\/\/conectifyilimitado.com.mx\/docs\/cartadederechos.pdf\" data-type=\"URL\" data-id=\"http:\/\/conectifyilimitado.com.mx\/docs\/cartadederechos.pdf\" target=\"_blank\">Derechos arco<\/a> | <a href=\"http:\/\/conectifyilimitado.com.mx\/docs\/codigodepoliticas.pdf\" data-type=\"URL\" data-id=\"http:\/\/conectifyilimitado.com.mx\/docs\/codigodepoliticas.pdf\">C\u00f3digo de pr\u00e1cticas comerciales<\/a><\/p>\n\n\n\n<p><\/p>\n\n\n\n<p><\/p>\n","protected":false},"excerpt":{"rendered":"<p>Tenemos el Internet que necesitas &nbsp; INTERNET RESIDENCIAL. Disfruta de nuestra conexi\u00f3n a Internet sin&nbsp;importar cuan alejado est\u00e9 tu hogar,&nbsp;para nosotros siempre estar\u00e1s cerca. INTERNET COMERCIAL. La conexi\u00f3n que estabas esperando para tu negocio, si deseas&nbsp;mas velocidad no es inconveniente&nbsp;para nuestra red. &nbsp; INTERNET EMPRESARIAL. Si la conexi\u00f3n actual de tu empresa no es la [&hellip;]<\/p>\n","protected":false},"author":1,"featured_media":0,"parent":0,"menu_order":0,"comment_status":"closed","ping_status":"closed","template":"page-full-width.php","meta":{"footnotes":""},"class_list":["post-12","page","type-page","status-publish","hentry"],"_links":{"self":[{"href":"https:\/\/conectifyilimitado.com.mx\/index.php?rest_route=\/wp\/v2\/pages\/12","targetHints":{"allow":["GET"]}}],"collection":[{"href":"https:\/\/conectifyilimitado.com.mx\/index.php?rest_route=\/wp\/v2\/pages"}],"about":[{"href":"https:\/\/conectifyilimitado.com.mx\/index.php?rest_route=\/wp\/v2\/types\/page"}],"author":[{"embeddable":true,"href":"https:\/\/conectifyilimitado.com.mx\/index.php?rest_route=\/wp\/v2\/users\/1"}],"replies":[{"embeddable":true,"href":"https:\/\/conectifyilimitado.com.mx\/index.php?rest_route=%2Fwp%2Fv2%2Fcomments&post=12"}],"version-history":[{"count":49,"href":"https:\/\/conectifyilimitado.com.mx\/index.php?rest_route=\/wp\/v2\/pages\/12\/revisions"}],"predecessor-version":[{"id":272,"href":"https:\/\/conectifyilimitado.com.mx\/index.php?rest_route=\/wp\/v2\/pages\/12\/revisions\/272"}],"wp:attachment":[{"href":"https:\/\/conectifyilimitado.com.mx\/index.php?rest_route=%2Fwp%2Fv2%2Fmedia&parent=12"}],"curies":[{"name":"wp","href":"https:\/\/api.w.org\/{rel}","templated":true}]}}