{"id":28,"date":"2015-11-15T03:33:22","date_gmt":"2015-11-15T03:33:22","guid":{"rendered":"http:\/\/conectifyilimitado.com.mx\/?page_id=28"},"modified":"2016-04-10T23:26:06","modified_gmt":"2016-04-10T23:26:06","slug":"contacto","status":"publish","type":"page","link":"https:\/\/conectifyilimitado.com.mx\/?page_id=28","title":{"rendered":"Contacto"},"content":{"rendered":"<header class=\"entry-header\">\n<p class=\"entry-title\"><a href=\"http:\/\/netgoo.com.mx\/wp-content\/uploads\/2015\/03\/Icono-Celular.png\" data-rel=\"lightbox-image-0\" data-rl_title=\"\" data-rl_caption=\"\" title=\"\"><img loading=\"lazy\" decoding=\"async\" class=\"alignnone wp-image-57\" src=\"http:\/\/netgoo.com.mx\/wp-content\/uploads\/2015\/03\/Icono-Celular-300x300.png\" alt=\"Icono Celular\" width=\"39\" height=\"39\" \/><\/a> <a href=\"http:\/\/web.whatsapp.com\/\" target=\"_blank\"><img loading=\"lazy\" decoding=\"async\" class=\"alignnone wp-image-58\" src=\"http:\/\/netgoo.com.mx\/wp-content\/uploads\/2015\/03\/whastapp-293x300.png\" alt=\"whastapp\" width=\"43\" height=\"44\" \/><\/a>\u00a0993 245 8352<\/p>\n<\/header>\n<div class=\"entry-content\">\n<p><a href=\"mailto:info@conectifyilimitado.com.mx\"><img loading=\"lazy\" decoding=\"async\" class=\"alignnone wp-image-56\" src=\"http:\/\/netgoo.com.mx\/wp-content\/uploads\/2015\/03\/email-300x269.jpg\" alt=\"email\" width=\"44\" height=\"40\" \/><\/a>\u00a0info@conectifyilimitado.com.mx<\/p>\n<p><a href=\"https:\/\/www.facebook.com\/ConectifyIlimitado.oficial\/\" target=\"_blank\"><img loading=\"lazy\" decoding=\"async\" class=\"alignnone wp-image-54\" src=\"http:\/\/netgoo.com.mx\/wp-content\/uploads\/2015\/03\/fb-300x300.jpg\" alt=\"fb\" width=\"25\" height=\"25\" \/><\/a><a href=\"https:\/\/www.facebook.com\/ConectifyIlimitado.oficial\/\" target=\"_blank\">Conectify Ilimitado<\/a><\/p>\n<\/div>\n<div class=\"post-item post-detail\">\n<div class=\"post-title\">\n<h4><span style=\"color: #99cc00;\">\u00a1CONTRATE AHORA!<\/span><\/h4>\n<\/div>\n<div class=\"entry\">\n<p>Haga su contrato con nosotros para disfrutar de un mejor servicio, m\u00e1s r\u00e1pido y estable. Ll\u00e1menos ser\u00e1 un placer atenderle.<\/p>\n<p>O bien llene el siguiente formulario y en breve le\u00a0contactaremos para\u00a0dar seguimiento a su solicitud.<\/p>\n<div class=\"clear\"><\/div>\n<\/div>\n<\/div>\n<div class=\"add-comment contact-form\">\u00a0<div style=\"display:none\" class=\"fm-form-container fm-theme1\"><div id=\"fm-pages1\" class=\"fm-pages wdform_page_navigation \" show_title=\"false\" show_numbers=\"true\" type=\"none\"><\/div><form name=\"form1\" action=\"\/index.php?rest_route=%2Fwp%2Fv2%2Fpages%2F28\" method=\"post\" id=\"form1\" class=\"fm-form form1  \" enctype=\"multipart\/form-data\"><input type=\"hidden\" id=\"fm_page_id1\" value=\"28\" name=\"fm_page_id1\" \/><input type=\"hidden\" id=\"fm_current_post_type1\" value=\"page\" name=\"fm_current_post_type1\" \/><input type=\"hidden\" id=\"counter1\" value=\"7\" name=\"counter1\" \/><input type=\"hidden\" id=\"Itemid1\" value=\"\" name=\"Itemid1\" \/><input type=\"hidden\" id=\"fm_shake1\" value=\"1\" name=\"fm_shake1\" \/><input type=\"text\" class=\"fm-hide\" id=\"fm_empty_field_validation1\" value=\"\" name=\"fm_empty_field_validation1\" data-value=\"bd736efb144d599cf463541431fbf5c4\" \/><div class=\"wdform-page-and-images\" style=\"display:table; border-top:0px solid black;\"><div id=\"1form_view1\" class=\"wdform_page\" page_title=\"Untitled page\" next_title=\"Next\" next_type=\"text\" next_class=\"wdform-page-button\" next_checkable=\"false\" previous_title=\"Previous\" previous_type=\"text\" previous_class=\"wdform-page-button\" previous_checkable=\"false\"><div class=\"wdform_section\"><div class=\"wdform_column \"><div wdid=\"1\" class=\"wdform_row \"><div type=\"type_name\" class=\"wdform-field wd-width-100 wd-flex wd-flex-row fm-type_name\" ><div class=\"wdform-label-section wd-width-30  wd-flex-row\" style=\"max-width: 140px;\">    <label  for=\"wdform_1_element_first1\" class=\"wdform-label\">Nombre:<\/label><span class=\"wdform-required\">*<\/span><\/div><div class=\"wdform-element-section wd-flex  wd-flex-row wd-width-70\" style=\"max-width: 250px;\"><div class=\"wd-flex wd-flex-column wd-width-50\"><input type=\"text\" class=\"wd-width-100\" id=\"wdform_1_element_first1\" name=\"wdform_1_element_first1\" data-value=\"\" value=\"\" title=\"\" placeholder=\"\"  \/><label class=\"mini_label\" for=\"wdform_1_element_first1\">Nombre<\/label><\/div><div class=\"wd-flex wd-flex-column wd-name-separator\"><\/div><div class=\"wd-flex wd-flex-column wd-width-50\"><input type=\"text\" class=\"wd-width-100\" id=\"wdform_1_element_last1\" name=\"wdform_1_element_last1\" data-value=\"\" value=\"\" title=\"\" placeholder=\"\"  \/><label class=\"mini_label\" for=\"wdform_1_element_last1\">Apellidos<\/label><\/div><\/div><\/div><\/div><div wdid=\"6\" class=\"wdform_row \"><div type=\"type_phone\" class=\"wdform-field wd-width-100 wd-flex wd-flex-row fm-type_phone\" ><div class=\"wdform-label-section wd-width-30  wd-flex-row\" style=\"max-width: 140px;\">    <label  for=\"wdform_6_element_first1\" class=\"wdform-label\">Tel\u00e9fono:<\/label><span class=\"wdform-required\">*<\/span><\/div><div class=\"wdform-element-section wd-flex  wd-flex-row wd-width-70\" style=\"max-width: 80px;\"><div class=\"wd-flex wd-flex-column wd-width-20\">                <input type=\"text\" class=\"wd-phone-first\" id=\"wdform_6_element_first1\" name=\"wdform_6_element_first1\" value=\"\" title=\"\" placeholder=\"\" >                <label for=\"wdform_6_element_first1\" class=\"mini_label wd-flex-column\">Codigo<\/label>              <\/div>              <div>                <div class=\"wd-flex wd-flex-column \">&nbsp;-&nbsp;<\/div>              <\/div>              <div class=\"wd-flex wd-flex-column wd-width-80\">                <input type=\"text\" class=\"wd-flex-column wd-width-100\" id=\"wdform_6_element_last1\" name=\"wdform_6_element_last1\" value=\"\" title=\"\" placeholder=\"\"  \/>                <label for=\"wdform_6_element_last1\" class=\"wd-flex-column mini_label\">N\u00famero<\/label>              <\/div><\/div><\/div><\/div><div wdid=\"2\" class=\"wdform_row \"><div type=\"type_submitter_mail\" class=\"wdform-field wd-width-100 wd-flex wd-flex-row fm-type_submitter_mail\" ><div class=\"wdform-label-section wd-width-30  wd-flex-row\" style=\"max-width: 140px;\">    <label  for=\"wdform_2_element1\" class=\"wdform-label\">E-mail:<\/label><span class=\"wdform-required\">*<\/span><\/div><div class=\"wdform-element-section wd-flex  wd-flex-row wd-width-70\" style=\"max-width: 400px;\"><input type=\"text\" class=\"wd-width-100\" id=\"wdform_2_element1\" name=\"wdform_2_element1\" data-value=\"\" value=\"\" title=\"\" placeholder=\"\"   onchange=\"wd_check_email('2', '1', 'Esto no es una direcci\u00f3n v\u00e1lida de email')\" \/><\/div><\/div><\/div><div wdid=\"3\" class=\"wdform_row \"><div type=\"type_text\" class=\"wdform-field wd-width-100 wd-flex wd-flex-row fm-type_text\" ><div class=\"wdform-label-section wd-width-30  wd-flex-row wd-align-items-center\" style=\"max-width: 140px;\">    <label  for=\"wdform_3_element1\" class=\"wdform-label\">Direcci\u00f3n Completa:<\/label><span class=\"wdform-required\">*<\/span><\/div><div class=\"wdform-element-section wd-flex  wd-flex-row wd-align-items-center wd-width-70\" style=\"max-width: 400px;\"><input type=\"text\"                           class=\"wd-width-100\"                           id=\"wdform_3_element1\"                           name=\"wdform_3_element1\"                           value=\"\"                           data-value=\"\"                           title=\"\"                           placeholder=\"\"                                                       \/><\/div><\/div><\/div><div wdid=\"4\" class=\"wdform_row \"><div type=\"type_textarea\" class=\"wdform-field wd-width-100 wd-flex wd-flex-row fm-type_textarea\" ><div class=\"wdform-label-section wd-width-30 \" style=\"max-width: 140px;\">    <label  for=\"wdform_4_element1\" class=\"wdform-label\">Mensaje:<\/label><\/div><div class=\"wdform-element-section wd-flex  wd-width-70\" style=\"max-width: 200px;\"><textarea class=\"wd-width-100\"                      id=\"wdform_4_element1\"                      name=\"wdform_4_element1\"                      placeholder=\"\"                      data-value=\"\"                      maxlength=\"\"                      style=\"height: 100px;\"                      ><\/textarea><\/div><\/div><\/div><div wdid=\"5\" class=\"wdform_row \"><div type=\"type_submit_reset\" class=\"wdform-field wd-width-100 wd-flex wd-flex-column fm-type_submit_reset\" ><div class=\"wdform-element-section wd-flex  wd-flex-row wd-width-100\" ><button  type=\"button\" class=\"button-submit\" onclick=\"fm_submit_form('1');\"  data-ajax=\"0\"><span class=\"fm-submit-loading spinner fm-ico-spinner\"><\/span>Submit<\/button><button  type=\"button\" class=\"button-reset \" onclick=\"fm_reset_form(1);\" >Reset<\/button><\/div><\/div><\/div><\/div><\/div><div valign=\"top\" class=\"wdform_footer\" style=\"width: 100%;\"><div style=\"width: 100%;\"><div style=\"width: 100%; display: table;\"><div style=\"display: table-row-group;\"><div id=\"1page_nav1\" style=\"display: table-row;\"><\/div><\/div><\/div><\/div><\/div><\/div><\/div><div class=\"wdform_preload\"><\/div><input type=\"hidden\" name=\"fm-current-page\" value=\"https:\/\/conectifyilimitado.com.mx\/index.php?rest_route=%2Fwp%2Fv2%2Fpages%2F28\" \/><\/form><\/div><\/div>\n","protected":false},"excerpt":{"rendered":"<p>\u00a0993 245 8352 \u00a0info@conectifyilimitado.com.mx Conectify Ilimitado \u00a1CONTRATE AHORA! Haga su contrato con nosotros para disfrutar de un mejor servicio, m\u00e1s r\u00e1pido y estable. Ll\u00e1menos ser\u00e1 un placer atenderle. O bien llene el siguiente formulario y en breve le\u00a0contactaremos para\u00a0dar seguimiento a su solicitud. \u00a0<\/p>\n","protected":false},"author":1,"featured_media":0,"parent":0,"menu_order":0,"comment_status":"closed","ping_status":"closed","template":"page-full-width.php","meta":{"footnotes":""},"class_list":["post-28","page","type-page","status-publish","hentry"],"_links":{"self":[{"href":"https:\/\/conectifyilimitado.com.mx\/index.php?rest_route=\/wp\/v2\/pages\/28","targetHints":{"allow":["GET"]}}],"collection":[{"href":"https:\/\/conectifyilimitado.com.mx\/index.php?rest_route=\/wp\/v2\/pages"}],"about":[{"href":"https:\/\/conectifyilimitado.com.mx\/index.php?rest_route=\/wp\/v2\/types\/page"}],"author":[{"embeddable":true,"href":"https:\/\/conectifyilimitado.com.mx\/index.php?rest_route=\/wp\/v2\/users\/1"}],"replies":[{"embeddable":true,"href":"https:\/\/conectifyilimitado.com.mx\/index.php?rest_route=%2Fwp%2Fv2%2Fcomments&post=28"}],"version-history":[{"count":8,"href":"https:\/\/conectifyilimitado.com.mx\/index.php?rest_route=\/wp\/v2\/pages\/28\/revisions"}],"predecessor-version":[{"id":168,"href":"https:\/\/conectifyilimitado.com.mx\/index.php?rest_route=\/wp\/v2\/pages\/28\/revisions\/168"}],"wp:attachment":[{"href":"https:\/\/conectifyilimitado.com.mx\/index.php?rest_route=%2Fwp%2Fv2%2Fmedia&parent=28"}],"curies":[{"name":"wp","href":"https:\/\/api.w.org\/{rel}","templated":true}]}}