{"id":37,"date":"2015-11-15T06:36:49","date_gmt":"2015-11-15T06:36:49","guid":{"rendered":"http:\/\/conectifyilimitado.com.mx\/?page_id=37"},"modified":"2019-05-04T16:15:43","modified_gmt":"2019-05-04T16:15:43","slug":"promociones","status":"publish","type":"page","link":"https:\/\/conectifyilimitado.com.mx\/?page_id=37","title":{"rendered":"Promociones"},"content":{"rendered":"<h3><a href=\"http:\/\/conectifyilimitado.com.mx\/wp-content\/uploads\/2015\/11\/promociones_02-copia.png\" rel=\"attachment wp-att-86\" data-rel=\"lightbox-image-0\" data-rl_title=\"\" data-rl_caption=\"\" title=\"\"><img loading=\"lazy\" decoding=\"async\" class=\"wp-image-86 aligncenter\" src=\"http:\/\/conectifyilimitado.com.mx\/wp-content\/uploads\/2015\/11\/promociones_02-copia-300x100.png\" alt=\"promociones_02-copia\" width=\"393\" height=\"131\" srcset=\"https:\/\/conectifyilimitado.com.mx\/wp-content\/uploads\/2015\/11\/promociones_02-copia-300x100.png 300w, https:\/\/conectifyilimitado.com.mx\/wp-content\/uploads\/2015\/11\/promociones_02-copia-768x256.png 768w, https:\/\/conectifyilimitado.com.mx\/wp-content\/uploads\/2015\/11\/promociones_02-copia-1024x341.png 1024w, https:\/\/conectifyilimitado.com.mx\/wp-content\/uploads\/2015\/11\/promociones_02-copia.png 1200w\" sizes=\"auto, (max-width: 393px) 100vw, 393px\" \/><\/a><\/h3>\n<p>&nbsp;<\/p>\n<h3><img loading=\"lazy\" decoding=\"async\" class=\"alignleft\" src=\"https:\/\/previews.123rf.com\/images\/aliasching\/aliasching1606\/aliasching160600182\/60563605-feliz-cumplea%C3%B1os-feliz-cumplea%C3%B1os-en-tarjeta-de-felicitaci%C3%B3n-espa%C3%B1ola.jpg\" width=\"165\" height=\"165\" \/><\/h3>\n<h3 style=\"text-align: center;\"><span style=\"color: #3366ff;\"><strong>Feliz cumplea\u00f1os !!!<\/strong><\/span><\/h3>\n<p>Te invitamos a registrar tu cumplea\u00f1os, y participa en el sorteo de un mes completamente gratis durante el mes que se celebre su cumple a\u00f1os.<\/p>\n<p>&nbsp;<\/p>\n<p><a href=\"https:\/\/forms.gle\/ztPhwE94RxqAj78X7\">Pulse aqu\u00ed para registrarse.<\/a><\/p>\n<h3><\/h3>\n<p>&nbsp;<\/p>\n<h3 style=\"text-align: center;\"><span style=\"color: #3366ff;\"><strong>Internet Gratis !!!<\/strong><\/span><\/h3>\n<p><a href=\"http:\/\/conectifyilimitado.com.mx\/wp-content\/uploads\/2015\/11\/internetgratis.png\" rel=\"attachment wp-att-139\" data-rel=\"lightbox-image-1\" data-rl_title=\"\" data-rl_caption=\"\" title=\"\"><img loading=\"lazy\" decoding=\"async\" class=\"wp-image-139 alignleft\" src=\"http:\/\/conectifyilimitado.com.mx\/wp-content\/uploads\/2015\/11\/internetgratis.png\" alt=\"internetgratis\" width=\"209\" height=\"70\" srcset=\"https:\/\/conectifyilimitado.com.mx\/wp-content\/uploads\/2015\/11\/internetgratis.png 655w, https:\/\/conectifyilimitado.com.mx\/wp-content\/uploads\/2015\/11\/internetgratis-300x100.png 300w\" sizes=\"auto, (max-width: 209px) 100vw, 209px\" \/><\/a>Si, Internet gratis, contrata nuestro servicio y te regalamos el 50% de tu primer mensualidad.<\/p>\n<p>&nbsp;<\/p>\n<h3 style=\"text-align: center;\"><span style=\"color: #3366ff;\"><strong>Recomendado<\/strong><\/span><\/h3>\n<p style=\"text-align: right; padding-left: 120px;\"><a href=\"http:\/\/conectifyilimitado.com.mx\/wp-content\/uploads\/2015\/11\/descuento50.gif\" rel=\"attachment wp-att-140\" data-rel=\"lightbox-image-2\" data-rl_title=\"\" data-rl_caption=\"\" title=\"\"><img loading=\"lazy\" decoding=\"async\" class=\"wp-image-140 alignright\" src=\"http:\/\/conectifyilimitado.com.mx\/wp-content\/uploads\/2015\/11\/descuento50.gif\" alt=\"descuento50\" width=\"207\" height=\"94\" \/><\/a>Si ya eres cliente nuestro, recomienda nuestro servicio a\u00a0alg\u00fan conocido y si este contrata nuestro servicio en tu pr\u00f3xima mensualidad solo pagas 50% de tu mensualidad.<\/p>\n<p>&nbsp;<\/p>\n<h3 style=\"text-align: center;\"><span style=\"color: #3366ff;\"><strong>Nuestra\u00a0comunidad<\/strong><\/span><\/h3>\n<p><a href=\"http:\/\/conectifyilimitado.com.mx\/wp-content\/uploads\/2015\/11\/repetidor.jpg\" rel=\"attachment wp-att-143\" data-rel=\"lightbox-image-3\" data-rl_title=\"\" data-rl_caption=\"\" title=\"\"><img loading=\"lazy\" decoding=\"async\" class=\"wp-image-143 alignleft\" src=\"http:\/\/conectifyilimitado.com.mx\/wp-content\/uploads\/2015\/11\/repetidor.jpg\" alt=\"repetidor\" width=\"209\" height=\"124\" srcset=\"https:\/\/conectifyilimitado.com.mx\/wp-content\/uploads\/2015\/11\/repetidor.jpg 800w, https:\/\/conectifyilimitado.com.mx\/wp-content\/uploads\/2015\/11\/repetidor-300x179.jpg 300w, https:\/\/conectifyilimitado.com.mx\/wp-content\/uploads\/2015\/11\/repetidor-768x457.jpg 768w\" sizes=\"auto, (max-width: 209px) 100vw, 209px\" \/><\/a>Si te encuentras alejado de nuestra zona de cobertura y en tu comunidad no tienes Internet, re\u00fanete con al menos 5\u00a0conocidos y\u00a0soliciten la ampliaci\u00f3n de nuestra red a su comunidad,\u00a0la primer mensualidad del servicio para cada uno ser\u00e1 por nuestra cuenta.<\/p>\n<div class=\"su-divider su-divider-style-default\" style=\"margin:15px 0;border-width:2px;border-color:#999999\"><a href=\"#\" style=\"color:#999999\">Ir arriba<\/a><\/div>\n<p>&nbsp;<\/p>\n<h5><em>Ninguna de las promociones aplica con otras.<\/em><\/h5>\n","protected":false},"excerpt":{"rendered":"<p>&nbsp; Feliz cumplea\u00f1os !!! Te invitamos a registrar tu cumplea\u00f1os, y participa en el sorteo de un mes completamente gratis durante el mes que se celebre su cumple a\u00f1os. &nbsp; Pulse aqu\u00ed para registrarse. &nbsp; Internet Gratis !!! Si, Internet gratis, contrata nuestro servicio y te regalamos el 50% de tu primer mensualidad. &nbsp; Recomendado [&hellip;]<\/p>\n","protected":false},"author":1,"featured_media":0,"parent":0,"menu_order":0,"comment_status":"closed","ping_status":"closed","template":"page-full-width.php","meta":{"footnotes":""},"class_list":["post-37","page","type-page","status-publish","hentry"],"_links":{"self":[{"href":"https:\/\/conectifyilimitado.com.mx\/index.php?rest_route=\/wp\/v2\/pages\/37","targetHints":{"allow":["GET"]}}],"collection":[{"href":"https:\/\/conectifyilimitado.com.mx\/index.php?rest_route=\/wp\/v2\/pages"}],"about":[{"href":"https:\/\/conectifyilimitado.com.mx\/index.php?rest_route=\/wp\/v2\/types\/page"}],"author":[{"embeddable":true,"href":"https:\/\/conectifyilimitado.com.mx\/index.php?rest_route=\/wp\/v2\/users\/1"}],"replies":[{"embeddable":true,"href":"https:\/\/conectifyilimitado.com.mx\/index.php?rest_route=%2Fwp%2Fv2%2Fcomments&post=37"}],"version-history":[{"count":12,"href":"https:\/\/conectifyilimitado.com.mx\/index.php?rest_route=\/wp\/v2\/pages\/37\/revisions"}],"predecessor-version":[{"id":209,"href":"https:\/\/conectifyilimitado.com.mx\/index.php?rest_route=\/wp\/v2\/pages\/37\/revisions\/209"}],"wp:attachment":[{"href":"https:\/\/conectifyilimitado.com.mx\/index.php?rest_route=%2Fwp%2Fv2%2Fmedia&parent=37"}],"curies":[{"name":"wp","href":"https:\/\/api.w.org\/{rel}","templated":true}]}}