{"id":39,"date":"2015-11-15T06:37:39","date_gmt":"2015-11-15T06:37:39","guid":{"rendered":"http:\/\/conectifyilimitado.com.mx\/?page_id=39"},"modified":"2019-07-17T05:14:07","modified_gmt":"2019-07-17T05:14:07","slug":"residencial","status":"publish","type":"page","link":"https:\/\/conectifyilimitado.com.mx\/?page_id=39","title":{"rendered":"Internet Residencial"},"content":{"rendered":"<h3><span style=\"color: #0000ff;\">Tenemos un plan a tu medida.<\/span><\/h3>\n<p>Planes dise\u00f1ados especialmente a tu medida ya sea que solo requieras hacer tareas e investigaciones podr\u00e1s utilizar el plan Lite o B\u00e1sico, Si quieres ver pel\u00edculas, video o descargar m\u00e1s r\u00e1pido tenemos la velocidad requerida en los planes Standar o Premium.<\/p>\n<h3><del><span style=\"color: #0000ff;\">Comunity,\u00a0<\/span><\/del><span style=\"color: #0000ff;\"><del>CityNet y On-Net<\/del>. \u00abMejor un buen plan\u00bb<br \/>\n<\/span><\/h3>\n<h3><a href=\"http:\/\/conectifyilimitado.com.mx\/wp-content\/uploads\/2019\/07\/Nuevos-planes-17-07-19.png\" data-rel=\"lightbox-image-0\" data-rl_title=\"\" data-rl_caption=\"\" title=\"\"><img loading=\"lazy\" decoding=\"async\" class=\"alignnone size-full wp-image-212\" src=\"http:\/\/conectifyilimitado.com.mx\/wp-content\/uploads\/2019\/07\/Nuevos-planes-17-07-19.png\" alt=\"\" width=\"1847\" height=\"742\" srcset=\"https:\/\/conectifyilimitado.com.mx\/wp-content\/uploads\/2019\/07\/Nuevos-planes-17-07-19.png 1847w, https:\/\/conectifyilimitado.com.mx\/wp-content\/uploads\/2019\/07\/Nuevos-planes-17-07-19-300x121.png 300w, https:\/\/conectifyilimitado.com.mx\/wp-content\/uploads\/2019\/07\/Nuevos-planes-17-07-19-768x309.png 768w, https:\/\/conectifyilimitado.com.mx\/wp-content\/uploads\/2019\/07\/Nuevos-planes-17-07-19-1024x411.png 1024w\" sizes=\"auto, (max-width: 1847px) 100vw, 1847px\" \/><\/a><\/h3>\n<p><span style=\"color: #999999;\"><em>Velocidad medida en Mbps.<\/em><\/span><\/p>\n<h5><\/h5>\n<h5><em>\u00bb Los planes disponibles en tu localidad pueden variar dependiendo la capacidad m\u00e1xima del enlace una vez instalado en su hogar\u00bb<\/em><\/h5>\n<blockquote><p>Todos nuestros planes tienen transferencia ilimitada, para que disfrutes de todo el contenido que gustes sin preocuparte por cobros excedentes o consumir todos tus\u00a0megas.<\/p><\/blockquote>\n","protected":false},"excerpt":{"rendered":"<p>Tenemos un plan a tu medida. Planes dise\u00f1ados especialmente a tu medida ya sea que solo requieras hacer tareas e investigaciones podr\u00e1s utilizar el plan Lite o B\u00e1sico, Si quieres ver pel\u00edculas, video o descargar m\u00e1s r\u00e1pido tenemos la velocidad requerida en los planes Standar o Premium. Comunity,\u00a0CityNet y On-Net. \u00abMejor un buen plan\u00bb Velocidad [&hellip;]<\/p>\n","protected":false},"author":1,"featured_media":0,"parent":0,"menu_order":0,"comment_status":"closed","ping_status":"closed","template":"page-full-width.php","meta":{"footnotes":""},"class_list":["post-39","page","type-page","status-publish","hentry"],"_links":{"self":[{"href":"https:\/\/conectifyilimitado.com.mx\/index.php?rest_route=\/wp\/v2\/pages\/39","targetHints":{"allow":["GET"]}}],"collection":[{"href":"https:\/\/conectifyilimitado.com.mx\/index.php?rest_route=\/wp\/v2\/pages"}],"about":[{"href":"https:\/\/conectifyilimitado.com.mx\/index.php?rest_route=\/wp\/v2\/types\/page"}],"author":[{"embeddable":true,"href":"https:\/\/conectifyilimitado.com.mx\/index.php?rest_route=\/wp\/v2\/users\/1"}],"replies":[{"embeddable":true,"href":"https:\/\/conectifyilimitado.com.mx\/index.php?rest_route=%2Fwp%2Fv2%2Fcomments&post=39"}],"version-history":[{"count":25,"href":"https:\/\/conectifyilimitado.com.mx\/index.php?rest_route=\/wp\/v2\/pages\/39\/revisions"}],"predecessor-version":[{"id":213,"href":"https:\/\/conectifyilimitado.com.mx\/index.php?rest_route=\/wp\/v2\/pages\/39\/revisions\/213"}],"wp:attachment":[{"href":"https:\/\/conectifyilimitado.com.mx\/index.php?rest_route=%2Fwp%2Fv2%2Fmedia&parent=39"}],"curies":[{"name":"wp","href":"https:\/\/api.w.org\/{rel}","templated":true}]}}